{"id":2,"date":"2017-12-10T11:39:47","date_gmt":"2017-12-10T16:39:47","guid":{"rendered":"http:\/\/www.wpnux.godaddy.com\/personal-blog\/?page_id=2"},"modified":"2017-12-10T11:57:25","modified_gmt":"2017-12-10T16:57:25","slug":"sobre-mi","status":"publish","type":"page","link":"http:\/\/www.merkavakafe.com\/blog\/sobre-mi\/","title":{"rendered":"Merkav\u00e1 Kaf\u00e9"},"content":{"rendered":"<p><a href=\"https:\/\/i0.wp.com\/www.merkavakafe.com\/blog\/wp-content\/uploads\/2017\/12\/Merkava-Nov-30-47-of-65.jpg\"><img data-attachment-id=\"77\" data-permalink=\"http:\/\/www.merkavakafe.com\/blog\/sobre-mi\/merkava-nov-30-47-of-65\/\" data-orig-file=\"https:\/\/i0.wp.com\/www.merkavakafe.com\/blog\/wp-content\/uploads\/2017\/12\/Merkava-Nov-30-47-of-65.jpg?fit=1400%2C933\" data-orig-size=\"1400,933\" data-comments-opened=\"1\" data-image-meta=\"{&quot;aperture&quot;:&quot;3.5&quot;,&quot;credit&quot;:&quot;&quot;,&quot;camera&quot;:&quot;Canon EOS 5D Mark II&quot;,&quot;caption&quot;:&quot;&quot;,&quot;created_timestamp&quot;:&quot;1512040213&quot;,&quot;copyright&quot;:&quot;&quot;,&quot;focal_length&quot;:&quot;85&quot;,&quot;iso&quot;:&quot;800&quot;,&quot;shutter_speed&quot;:&quot;0.01&quot;,&quot;title&quot;:&quot;&quot;,&quot;orientation&quot;:&quot;0&quot;}\" data-image-title=\"Merkava Nov 30 (47 of 65)\" data-image-description=\"\" data-image-caption=\"\" data-medium-file=\"https:\/\/i0.wp.com\/www.merkavakafe.com\/blog\/wp-content\/uploads\/2017\/12\/Merkava-Nov-30-47-of-65.jpg?fit=300%2C200\" data-large-file=\"https:\/\/i0.wp.com\/www.merkavakafe.com\/blog\/wp-content\/uploads\/2017\/12\/Merkava-Nov-30-47-of-65.jpg?fit=640%2C426\" loading=\"lazy\" class=\"aligncenter wp-image-77 size-large\" src=\"https:\/\/i0.wp.com\/www.merkavakafe.com\/blog\/wp-content\/uploads\/2017\/12\/Merkava-Nov-30-47-of-65.jpg?resize=640%2C426\" alt=\"\" width=\"640\" height=\"426\" srcset=\"https:\/\/i0.wp.com\/www.merkavakafe.com\/blog\/wp-content\/uploads\/2017\/12\/Merkava-Nov-30-47-of-65.jpg?resize=1024%2C682 1024w, https:\/\/i0.wp.com\/www.merkavakafe.com\/blog\/wp-content\/uploads\/2017\/12\/Merkava-Nov-30-47-of-65.jpg?resize=300%2C200 300w, https:\/\/i0.wp.com\/www.merkavakafe.com\/blog\/wp-content\/uploads\/2017\/12\/Merkava-Nov-30-47-of-65.jpg?resize=768%2C512 768w, https:\/\/i0.wp.com\/www.merkavakafe.com\/blog\/wp-content\/uploads\/2017\/12\/Merkava-Nov-30-47-of-65.jpg?resize=370%2C247 370w, https:\/\/i0.wp.com\/www.merkavakafe.com\/blog\/wp-content\/uploads\/2017\/12\/Merkava-Nov-30-47-of-65.jpg?resize=1040%2C693 1040w, https:\/\/i0.wp.com\/www.merkavakafe.com\/blog\/wp-content\/uploads\/2017\/12\/Merkava-Nov-30-47-of-65.jpg?w=1400 1400w, https:\/\/i0.wp.com\/www.merkavakafe.com\/blog\/wp-content\/uploads\/2017\/12\/Merkava-Nov-30-47-of-65.jpg?w=1280 1280w\" sizes=\"(max-width: 640px) 100vw, 640px\" data-recalc-dims=\"1\" \/><\/a><\/p>\n<p>&nbsp;<\/p>\n<p>Merkav\u00e1 se refiere a un veh\u00edculo hecho e impulsado por seres celestiales y es el que lleva a todo los miembros de Merkav\u00e1 a ofrecer una atenci\u00f3n personalizada para crear lazos de amistad. Deseamos que puedas encontrar la mejor comida para el cuerpo y el mejor alimento para el alma.<\/p>\n<blockquote><p>Visi\u00f3n<\/p><\/blockquote>\n<p>Alegrar el coraz\u00f3n a cada uno de nuestros lectores y comensales con el acercamiento a la verdad infinita del Creador del Universo a trav\u00e9s del Mes\u00edas Yeshua y seguir en la Merkava hasta que cese el cielo y la tierra.<\/p>\n<blockquote><p>Misi\u00f3n<\/p><\/blockquote>\n<p>Ser un lugar de encuentro que brinde la oportunidad de conectarse con el mensaje eterno del Creador del Universo, en la compa\u00f1\u00eda de familiares o amigos y disfrutar de la influencia mediterr\u00e1nea, americana y latina de nuestra cocina, cuidando los est\u00e1ndares Kasher.<\/p>\n<div class=\"sharedaddy sd-sharing-enabled\"><div class=\"robots-nocontent sd-block sd-social sd-social-icon sd-sharing\"><h3 class=\"sd-title\">Comparte esto:<\/h3><div class=\"sd-content\"><ul><li class=\"share-twitter\"><a rel=\"nofollow noopener noreferrer\" data-shared=\"sharing-twitter-2\" class=\"share-twitter sd-button share-icon no-text\" href=\"http:\/\/www.merkavakafe.com\/blog\/sobre-mi\/?share=twitter\" target=\"_blank\" title=\"Haz clic para compartir en Twitter\"><span><\/span><span class=\"sharing-screen-reader-text\">Haz clic para compartir en Twitter (Se abre en una ventana nueva)<\/span><\/a><\/li><li class=\"share-jetpack-whatsapp\"><a rel=\"nofollow noopener noreferrer\" data-shared=\"\" class=\"share-jetpack-whatsapp sd-button share-icon no-text\" href=\"http:\/\/www.merkavakafe.com\/blog\/sobre-mi\/?share=jetpack-whatsapp\" target=\"_blank\" title=\"Haz clic para compartir en WhatsApp\"><span><\/span><span class=\"sharing-screen-reader-text\">Haz clic para compartir en WhatsApp (Se abre en una ventana nueva)<\/span><\/a><\/li><li class=\"share-telegram\"><a rel=\"nofollow noopener noreferrer\" data-shared=\"\" class=\"share-telegram sd-button share-icon no-text\" href=\"http:\/\/www.merkavakafe.com\/blog\/sobre-mi\/?share=telegram\" target=\"_blank\" title=\"Haz clic para compartir en Telegram\"><span><\/span><span class=\"sharing-screen-reader-text\">Haz clic para compartir en Telegram (Se abre en una ventana nueva)<\/span><\/a><\/li><li class=\"share-facebook\"><a rel=\"nofollow noopener noreferrer\" data-shared=\"sharing-facebook-2\" class=\"share-facebook sd-button share-icon no-text\" href=\"http:\/\/www.merkavakafe.com\/blog\/sobre-mi\/?share=facebook\" target=\"_blank\" title=\"Haz clic para compartir en Facebook\"><span><\/span><span class=\"sharing-screen-reader-text\">Haz clic para compartir en Facebook (Se abre en una ventana nueva)<\/span><\/a><\/li><li class=\"share-end\"><\/li><\/ul><\/div><\/div><\/div>","protected":false},"excerpt":{"rendered":"<p>&nbsp; Merkav\u00e1 se refiere a un veh\u00edculo hecho e impulsado por seres celestiales y es el que lleva a todo los miembros de Merkav\u00e1 a ofrecer una atenci\u00f3n personalizada para crear lazos de amistad. Deseamos que puedas encontrar la mejor comida para el cuerpo y el mejor alimento para el alma. Visi\u00f3n Alegrar el coraz\u00f3n [&hellip;]<\/p>\n<div class=\"sharedaddy sd-sharing-enabled\"><div class=\"robots-nocontent sd-block sd-social sd-social-icon sd-sharing\"><h3 class=\"sd-title\">Comparte esto:<\/h3><div class=\"sd-content\"><ul><li class=\"share-twitter\"><a rel=\"nofollow noopener noreferrer\" data-shared=\"sharing-twitter-2\" class=\"share-twitter sd-button share-icon no-text\" href=\"http:\/\/www.merkavakafe.com\/blog\/sobre-mi\/?share=twitter\" target=\"_blank\" title=\"Haz clic para compartir en Twitter\"><span><\/span><span class=\"sharing-screen-reader-text\">Haz clic para compartir en Twitter (Se abre en una ventana nueva)<\/span><\/a><\/li><li class=\"share-jetpack-whatsapp\"><a rel=\"nofollow noopener noreferrer\" data-shared=\"\" class=\"share-jetpack-whatsapp sd-button share-icon no-text\" href=\"http:\/\/www.merkavakafe.com\/blog\/sobre-mi\/?share=jetpack-whatsapp\" target=\"_blank\" title=\"Haz clic para compartir en WhatsApp\"><span><\/span><span class=\"sharing-screen-reader-text\">Haz clic para compartir en WhatsApp (Se abre en una ventana nueva)<\/span><\/a><\/li><li class=\"share-telegram\"><a rel=\"nofollow noopener noreferrer\" data-shared=\"\" class=\"share-telegram sd-button share-icon no-text\" href=\"http:\/\/www.merkavakafe.com\/blog\/sobre-mi\/?share=telegram\" target=\"_blank\" title=\"Haz clic para compartir en Telegram\"><span><\/span><span class=\"sharing-screen-reader-text\">Haz clic para compartir en Telegram (Se abre en una ventana nueva)<\/span><\/a><\/li><li class=\"share-facebook\"><a rel=\"nofollow noopener noreferrer\" data-shared=\"sharing-facebook-2\" class=\"share-facebook sd-button share-icon no-text\" href=\"http:\/\/www.merkavakafe.com\/blog\/sobre-mi\/?share=facebook\" target=\"_blank\" title=\"Haz clic para compartir en Facebook\"><span><\/span><span class=\"sharing-screen-reader-text\">Haz clic para compartir en Facebook (Se abre en una ventana nueva)<\/span><\/a><\/li><li class=\"share-end\"><\/li><\/ul><\/div><\/div><\/div>","protected":false},"author":1,"featured_media":0,"parent":0,"menu_order":0,"comment_status":"closed","ping_status":"closed","template":"","meta":{"spay_email":""},"yoast_head":"<!-- This site is optimized with the Yoast SEO plugin v17.9 - https:\/\/yoast.com\/wordpress\/plugins\/seo\/ -->\n<title>Merkav\u00e1 Kaf\u00e9 - Merkav&aacute; Kaf&eacute; - Blog<\/title>\n<meta name=\"robots\" content=\"index, follow, max-snippet:-1, max-image-preview:large, max-video-preview:-1\" \/>\n<link rel=\"canonical\" href=\"http:\/\/www.merkavakafe.com\/blog\/sobre-mi\/\" \/>\n<meta property=\"og:locale\" content=\"es_ES\" \/>\n<meta property=\"og:type\" content=\"article\" \/>\n<meta property=\"og:title\" content=\"Merkav\u00e1 Kaf\u00e9 - Merkav&aacute; Kaf&eacute; - Blog\" \/>\n<meta property=\"og:description\" content=\"&nbsp; Merkav\u00e1 se refiere a un veh\u00edculo hecho e impulsado por seres celestiales y es el que lleva a todo los miembros de Merkav\u00e1 a ofrecer una atenci\u00f3n personalizada para crear lazos de amistad. Deseamos que puedas encontrar la mejor comida para el cuerpo y el mejor alimento para el alma. Visi\u00f3n Alegrar el coraz\u00f3n [&hellip;]\" \/>\n<meta property=\"og:url\" content=\"http:\/\/www.merkavakafe.com\/blog\/sobre-mi\/\" \/>\n<meta property=\"og:site_name\" content=\"Merkav&aacute; Kaf&eacute; - Blog\" \/>\n<meta property=\"article:modified_time\" content=\"2017-12-10T16:57:25+00:00\" \/>\n<meta property=\"og:image\" content=\"http:\/\/www.merkavakafe.com\/blog\/wp-content\/uploads\/2017\/12\/Merkava-Nov-30-47-of-65-1024x682.jpg\" \/>\n<meta name=\"twitter:card\" content=\"summary_large_image\" \/>\n<meta name=\"twitter:label1\" content=\"Tiempo de lectura\" \/>\n\t<meta name=\"twitter:data1\" content=\"1 minuto\" \/>\n<script type=\"application\/ld+json\" class=\"yoast-schema-graph\">{\"@context\":\"https:\/\/schema.org\",\"@graph\":[{\"@type\":\"WebSite\",\"@id\":\"http:\/\/www.merkavakafe.com\/blog\/#website\",\"url\":\"http:\/\/www.merkavakafe.com\/blog\/\",\"name\":\"Merkav&aacute; Kaf&eacute; - Blog\",\"description\":\"Este es un blog que expone las noticias de la actualidad mundial a la luz de la palabra de Dios, denunciando toda la maquinaria que est&aacute; orquestando o promoviendo el establecimiento de un Nuevo Orden Mundial ac&aacute; en la tierra. Somos creyentes en el mes&iacute;as de Israel, nuestro amado Yeshua HaMashiaj y nuestra misi&oacute;n es dar a conocer al hijo de Dios en su plenitud, su bondad, su justicia, su sacrificio y su misericordia.\",\"potentialAction\":[{\"@type\":\"SearchAction\",\"target\":{\"@type\":\"EntryPoint\",\"urlTemplate\":\"http:\/\/www.merkavakafe.com\/blog\/?s={search_term_string}\"},\"query-input\":\"required name=search_term_string\"}],\"inLanguage\":\"es\"},{\"@type\":\"ImageObject\",\"@id\":\"http:\/\/www.merkavakafe.com\/blog\/sobre-mi\/#primaryimage\",\"inLanguage\":\"es\",\"url\":\"https:\/\/i0.wp.com\/www.merkavakafe.com\/blog\/wp-content\/uploads\/2017\/12\/Merkava-Nov-30-47-of-65.jpg?fit=1400%2C933\",\"contentUrl\":\"https:\/\/i0.wp.com\/www.merkavakafe.com\/blog\/wp-content\/uploads\/2017\/12\/Merkava-Nov-30-47-of-65.jpg?fit=1400%2C933\",\"width\":1400,\"height\":933},{\"@type\":\"WebPage\",\"@id\":\"http:\/\/www.merkavakafe.com\/blog\/sobre-mi\/#webpage\",\"url\":\"http:\/\/www.merkavakafe.com\/blog\/sobre-mi\/\",\"name\":\"Merkav\\u00e1 Kaf\\u00e9 - Merkav&aacute; Kaf&eacute; - Blog\",\"isPartOf\":{\"@id\":\"http:\/\/www.merkavakafe.com\/blog\/#website\"},\"primaryImageOfPage\":{\"@id\":\"http:\/\/www.merkavakafe.com\/blog\/sobre-mi\/#primaryimage\"},\"datePublished\":\"2017-12-10T16:39:47+00:00\",\"dateModified\":\"2017-12-10T16:57:25+00:00\",\"breadcrumb\":{\"@id\":\"http:\/\/www.merkavakafe.com\/blog\/sobre-mi\/#breadcrumb\"},\"inLanguage\":\"es\",\"potentialAction\":[{\"@type\":\"ReadAction\",\"target\":[\"http:\/\/www.merkavakafe.com\/blog\/sobre-mi\/\"]}]},{\"@type\":\"BreadcrumbList\",\"@id\":\"http:\/\/www.merkavakafe.com\/blog\/sobre-mi\/#breadcrumb\",\"itemListElement\":[{\"@type\":\"ListItem\",\"position\":1,\"name\":\"Portada\",\"item\":\"http:\/\/www.merkavakafe.com\/blog\/\"},{\"@type\":\"ListItem\",\"position\":2,\"name\":\"Merkav\\u00e1 Kaf\\u00e9\"}]}]}<\/script>\n<!-- \/ Yoast SEO plugin. -->","yoast_head_json":{"title":"Merkav\u00e1 Kaf\u00e9 - Merkav&aacute; Kaf&eacute; - Blog","robots":{"index":"index","follow":"follow","max-snippet":"max-snippet:-1","max-image-preview":"max-image-preview:large","max-video-preview":"max-video-preview:-1"},"canonical":"http:\/\/www.merkavakafe.com\/blog\/sobre-mi\/","og_locale":"es_ES","og_type":"article","og_title":"Merkav\u00e1 Kaf\u00e9 - Merkav&aacute; Kaf&eacute; - Blog","og_description":"&nbsp; Merkav\u00e1 se refiere a un veh\u00edculo hecho e impulsado por seres celestiales y es el que lleva a todo los miembros de Merkav\u00e1 a ofrecer una atenci\u00f3n personalizada para crear lazos de amistad. Deseamos que puedas encontrar la mejor comida para el cuerpo y el mejor alimento para el alma. Visi\u00f3n Alegrar el coraz\u00f3n [&hellip;]","og_url":"http:\/\/www.merkavakafe.com\/blog\/sobre-mi\/","og_site_name":"Merkav&aacute; Kaf&eacute; - Blog","article_modified_time":"2017-12-10T16:57:25+00:00","og_image":[{"url":"http:\/\/www.merkavakafe.com\/blog\/wp-content\/uploads\/2017\/12\/Merkava-Nov-30-47-of-65-1024x682.jpg"}],"twitter_card":"summary_large_image","twitter_misc":{"Tiempo de lectura":"1 minuto"},"schema":{"@context":"https:\/\/schema.org","@graph":[{"@type":"WebSite","@id":"http:\/\/www.merkavakafe.com\/blog\/#website","url":"http:\/\/www.merkavakafe.com\/blog\/","name":"Merkav&aacute; Kaf&eacute; - Blog","description":"Este es un blog que expone las noticias de la actualidad mundial a la luz de la palabra de Dios, denunciando toda la maquinaria que est&aacute; orquestando o promoviendo el establecimiento de un Nuevo Orden Mundial ac&aacute; en la tierra. Somos creyentes en el mes&iacute;as de Israel, nuestro amado Yeshua HaMashiaj y nuestra misi&oacute;n es dar a conocer al hijo de Dios en su plenitud, su bondad, su justicia, su sacrificio y su misericordia.","potentialAction":[{"@type":"SearchAction","target":{"@type":"EntryPoint","urlTemplate":"http:\/\/www.merkavakafe.com\/blog\/?s={search_term_string}"},"query-input":"required name=search_term_string"}],"inLanguage":"es"},{"@type":"ImageObject","@id":"http:\/\/www.merkavakafe.com\/blog\/sobre-mi\/#primaryimage","inLanguage":"es","url":"https:\/\/i0.wp.com\/www.merkavakafe.com\/blog\/wp-content\/uploads\/2017\/12\/Merkava-Nov-30-47-of-65.jpg?fit=1400%2C933","contentUrl":"https:\/\/i0.wp.com\/www.merkavakafe.com\/blog\/wp-content\/uploads\/2017\/12\/Merkava-Nov-30-47-of-65.jpg?fit=1400%2C933","width":1400,"height":933},{"@type":"WebPage","@id":"http:\/\/www.merkavakafe.com\/blog\/sobre-mi\/#webpage","url":"http:\/\/www.merkavakafe.com\/blog\/sobre-mi\/","name":"Merkav\u00e1 Kaf\u00e9 - Merkav&aacute; Kaf&eacute; - Blog","isPartOf":{"@id":"http:\/\/www.merkavakafe.com\/blog\/#website"},"primaryImageOfPage":{"@id":"http:\/\/www.merkavakafe.com\/blog\/sobre-mi\/#primaryimage"},"datePublished":"2017-12-10T16:39:47+00:00","dateModified":"2017-12-10T16:57:25+00:00","breadcrumb":{"@id":"http:\/\/www.merkavakafe.com\/blog\/sobre-mi\/#breadcrumb"},"inLanguage":"es","potentialAction":[{"@type":"ReadAction","target":["http:\/\/www.merkavakafe.com\/blog\/sobre-mi\/"]}]},{"@type":"BreadcrumbList","@id":"http:\/\/www.merkavakafe.com\/blog\/sobre-mi\/#breadcrumb","itemListElement":[{"@type":"ListItem","position":1,"name":"Portada","item":"http:\/\/www.merkavakafe.com\/blog\/"},{"@type":"ListItem","position":2,"name":"Merkav\u00e1 Kaf\u00e9"}]}]}},"jetpack_sharing_enabled":true,"jetpack_shortlink":"https:\/\/wp.me\/P9sAg2-2","jetpack_likes_enabled":true,"jetpack-related-posts":[{"id":8,"url":"http:\/\/www.merkavakafe.com\/blog\/comuniquense-conmigo\/","url_meta":{"origin":2,"position":0},"title":"Contacto","date":"10 diciembre, 2017","format":false,"excerpt":"Dime qu\u00e9 preguntas o comentarios tienes para m\u00ed. Te responder\u00e9 lo m\u00e1s r\u00e1pido posible. \u00a1Gracias! Espero tener noticias tuyas.","rel":"","context":"Entrada similar","img":{"alt_text":"","src":"","width":0,"height":0},"classes":[]}],"_links":{"self":[{"href":"http:\/\/www.merkavakafe.com\/blog\/wp-json\/wp\/v2\/pages\/2"}],"collection":[{"href":"http:\/\/www.merkavakafe.com\/blog\/wp-json\/wp\/v2\/pages"}],"about":[{"href":"http:\/\/www.merkavakafe.com\/blog\/wp-json\/wp\/v2\/types\/page"}],"author":[{"embeddable":true,"href":"http:\/\/www.merkavakafe.com\/blog\/wp-json\/wp\/v2\/users\/1"}],"replies":[{"embeddable":true,"href":"http:\/\/www.merkavakafe.com\/blog\/wp-json\/wp\/v2\/comments?post=2"}],"version-history":[{"count":5,"href":"http:\/\/www.merkavakafe.com\/blog\/wp-json\/wp\/v2\/pages\/2\/revisions"}],"predecessor-version":[{"id":79,"href":"http:\/\/www.merkavakafe.com\/blog\/wp-json\/wp\/v2\/pages\/2\/revisions\/79"}],"wp:attachment":[{"href":"http:\/\/www.merkavakafe.com\/blog\/wp-json\/wp\/v2\/media?parent=2"}],"curies":[{"name":"wp","href":"https:\/\/api.w.org\/{rel}","templated":true}]}}